{"id":842,"date":"2022-10-04T14:13:10","date_gmt":"2022-10-04T17:13:10","guid":{"rendered":"https:\/\/ombrello.com.br\/administrador\/?page_id=842"},"modified":"2022-10-04T14:39:28","modified_gmt":"2022-10-04T17:39:28","slug":"privacidade","status":"publish","type":"page","link":"https:\/\/ombrello.com.br\/administrador\/privacidade\/","title":{"rendered":"POL\u00cdTICA DE PRIVACIDADE \u2013 GRUPO OMBRELLO"},"content":{"rendered":"\n<div style=\"height:35px\" aria-hidden=\"true\" class=\"wp-block-spacer\"><\/div>\n\n\n\n<h4 class=\"wp-block-heading\">1. OBJETIVO<\/h4>\n\n\n\n<p>Esta Pol\u00edtica tem por objetivo demonstrar o compromisso do Grupo Ombrello com a Privacidade de Dados, e estabelecer como os Dados Pessoais de nossos clientes ser\u00e3o tratados pelas empresas do Grupo.<\/p>\n\n\n\n<div style=\"height:20px\" aria-hidden=\"true\" class=\"wp-block-spacer\"><\/div>\n\n\n\n<h4 class=\"wp-block-heading\">2. O QUE VOC\u00ca PRECISA SABER SOBRE DADOS PESSOAIS<\/h4>\n\n\n\n<p><strong>Dados Pessoais<\/strong> s\u00e3o todas as informa\u00e7\u00f5es que permitem a sua identifica\u00e7\u00e3o. Como por exemplo, nome, CPF, e-mail, telefone, entre outros.<\/p>\n\n\n\n<p><strong>Dados Pessoais Sens\u00edveis<\/strong> s\u00e3o relacionados \u00e0 origem racial ou \u00e9tnica, convic\u00e7\u00e3o religiosa, opini\u00e3o pol\u00edtica, filia\u00e7\u00e3o a sindicato ou a organiza\u00e7\u00e3o de car\u00e1ter religioso, filos\u00f3fico ou pol\u00edtico, dado referente \u00e0 sa\u00fade ou \u00e0 vida sexual, dado gen\u00e9tico ou biom\u00e9trico, quando vinculados a voc\u00ea.<\/p>\n\n\n\n<p><strong>Tratamento de Dados Pessoais<\/strong> significa qualquer opera\u00e7\u00e3o, como a coleta, produ\u00e7\u00e3o, recep\u00e7\u00e3o, classifica\u00e7\u00e3o, utiliza\u00e7\u00e3o, acesso, reprodu\u00e7\u00e3o, transmiss\u00e3o, distribui\u00e7\u00e3o, processamento, arquivamento, armazenamento, elimina\u00e7\u00e3o, avalia\u00e7\u00e3o ou controle da informa\u00e7\u00e3o, modifica\u00e7\u00e3o, comunica\u00e7\u00e3o, transfer\u00eancia, difus\u00e3o ou extra\u00e7\u00e3o, realizada com Dados Pessoais.<\/p>\n\n\n\n<div style=\"height:20px\" aria-hidden=\"true\" class=\"wp-block-spacer\"><\/div>\n\n\n\n<h4 class=\"wp-block-heading\">3. DADOS QUE COLETAMOS E COMO COLETAMOS<\/h4>\n\n\n\n<p><strong>3.1. O que coletamos?<\/strong><\/p>\n\n\n\n<p>Basicamente coletamos dados como nome completo, CPF, e-mail, telefone, dados banc\u00e1rios, de g\u00eanero, estado civil, local de nascimento, RG, CNH, nacionalidade, endere\u00e7o, filia\u00e7\u00e3o, informa\u00e7\u00f5es de c\u00f4njuge e dependentes, escolaridade, local de nascimento e informa\u00e7\u00f5es de renda. Tamb\u00e9m coletamos dados referentes ao endere\u00e7o de IP, porta l\u00f3gica de origem, dispositivo e vers\u00e3o, geolocaliza\u00e7\u00e3o, registros de data e hor\u00e1rio de a\u00e7\u00f5es, telas acessadas, ID da sess\u00e3o e cookies. No caso de candidatos a vagas e colaboradores tamb\u00e9m coletamos dados referentes \u00e0 escolaridade, cargo, renda, assinatura, PIS, CTPS, certificado de reservista, passaporte, contato de emerg\u00eancia, ASO, filia\u00e7\u00e3o sindical, dados de sa\u00fade, ra\u00e7a, FGTS e experi\u00eancias profissionais anteriores.<\/p>\n\n\n\n<p><strong>3.2. Como coletamos Dados?<\/strong><\/p>\n\n\n\n<p>Os Dados, incluindo Dados Pessoais, podem ser coletados quando voc\u00ea visita nossos stands ou de parceiros, interage com nossas plataformas, sites, Servi\u00e7o de Atendimento ao Consumidor, realiza acordos comerciais, se candidata a uma de nossas vagas ou passa a ser colaborador do Grupo Ombrello.<\/p>\n\n\n\n<p><strong>3.3. Para que utilizamos os seus Dados Pessoais?<\/strong><\/p>\n\n\n\n<p>N\u00f3s tratamos seus Dados Pessoais, principalmente, para que seja poss\u00edvel viabilizar a nossa rela\u00e7\u00e3o comercial, cumprir obriga\u00e7\u00f5es contratuais e legais, com colaboradores e seus dependentes.<br>Os dados coletados e elencados tamb\u00e9m s\u00e3o utilizados para atender solicita\u00e7\u00f5es, questionamentos e reclama\u00e7\u00f5es dos usu\u00e1rios, melhorar a sua experi\u00eancia e promover nossos produtos e servi\u00e7os. Al\u00e9m disso, os dados coletados ainda podem ser utilizados para identificar e proteger os visitantes digitais, cumprir obriga\u00e7\u00f5es legais e prevenir fraudes e qualquer outro risco associado.<br>Caso voc\u00ea opte por n\u00e3o fornecer alguns desses Dados, podemos ficar impossibilitados de<br>prestar total ou parcialmente nossos servi\u00e7os a voc\u00ea.<\/p>\n\n\n\n<p><strong>3.4. Tecnologias utilizadas<\/strong><\/p>\n\n\n\n<p>Todas as tecnologias utilizadas respeitar\u00e3o sempre a legisla\u00e7\u00e3o vigente e os termos desta Pol\u00edtica. N\u00f3s utilizamos cookies, que s\u00e3o pequenos arquivos adicionados ao seu dispositivo ou computador por sites que voc\u00ea visita. S\u00e3o utilizados para fazer os sites funcionarem, ou funcionarem de forma mais eficiente, bem como para fornecer uma experi\u00eancia personalizada de acesso e informa\u00e7\u00f5es aos propriet\u00e1rios do site. \u00c9 poss\u00edvel configurar o seu navegador caso deseje bloque\u00e1-los. No entanto, \u00e9 poss\u00edvel que algumas<br>funcionalidades sejam limitadas.<\/p>\n\n\n\n<div style=\"height:20px\" aria-hidden=\"true\" class=\"wp-block-spacer\"><\/div>\n\n\n\n<h4 class=\"wp-block-heading\">4. COMO COMPARTILHAMOS DADOS E INFORMA\u00c7\u00d5ES<\/h4>\n\n\n\n<p><strong>4.1. Hip\u00f3teses de compartilhamento dos Dados<\/strong><\/p>\n\n\n\n<p>Os Dados coletados poder\u00e3o ser compartilhados com autoridades judiciais, administrativas e governamentais competentes em caso de determina\u00e7\u00e3o legal, ordem judicial ou requisi\u00e7\u00e3o de tais \u00f3rg\u00e3os.<br>Os dados tamb\u00e9m poder\u00e3o ser compartilhados com institui\u00e7\u00f5es respons\u00e1veis por cobrar cr\u00e9dito decorrente da aquisi\u00e7\u00e3o de unidades imobili\u00e1rias que voc\u00ea adquiriu, com corretores de im\u00f3veis, institui\u00e7\u00f5es financeiras de financiamento de im\u00f3vel, bem como a administradora do condom\u00ednio que prestar\u00e1 os servi\u00e7os de gest\u00e3o e administra\u00e7\u00e3o do empreendimento, securitiza\u00e7\u00e3o de receb\u00edveis, sempre com consentimento do titular.<br>Por fim, os dados tamb\u00e9m ser\u00e3o compartilhados de forma autom\u00e1tica internamente com as empresas do Grupo Ombrello, al\u00e9m de em caso de movimenta\u00e7\u00f5es societ\u00e1rias, como fus\u00e3o, aquisi\u00e7\u00e3o e incorpora\u00e7\u00e3o.<\/p>\n\n\n\n<p><strong>4.2. N\u00e3o compartilhamento<\/strong><\/p>\n\n\n\n<p>Excluindo as hip\u00f3teses elencadas no item 4.1, n\u00e3o compartilhamos seus Dados Pessoais. Caso voc\u00ea receba contato de terceiros n\u00e3o identificados, por favor, entre em contato conosco atrav\u00e9s dos Canais de Atendimento dispon\u00edveis nesta Pol\u00edtica e iremos auxili\u00e1los na apura\u00e7\u00e3o do ocorrido.<\/p>\n\n\n\n<div style=\"height:20px\" aria-hidden=\"true\" class=\"wp-block-spacer\"><\/div>\n\n\n\n<h4 class=\"wp-block-heading\">5. COMO MANTEMOS OS SEUS DADOS PESSOAIS SEGUROS E COMO VOC\u00ca TAMB\u00c9M<br>PODER\u00c1 PROTEG\u00ca-LOS<\/h4>\n\n\n\n<p><strong>5.1. Quem tem acesso a seus Dados Pessoais?<\/strong><\/p>\n\n\n\n<p>Seus Dados Pessoais ser\u00e3o processados por nossos colaboradores ou agentes autorizados, desde que precisem ter acesso a tais informa\u00e7\u00f5es, dependendo dos prop\u00f3sitos espec\u00edficos para os quais seus Dados Pessoais tenham sido coletados, respeitando os princ\u00edpios da necessidade, relev\u00e2ncia e proporcionalidade, bem como o nosso compromisso de confidencialidade e preserva\u00e7\u00e3o da sua privacidade nos termos desta Pol\u00edtica.<\/p>\n\n\n\n<p><strong>5.2. Medidas tomadas em Ambientes Operacionais<\/strong><\/p>\n\n\n\n<p>Armazenamos seus Dados Pessoais em ambientes operacionais que usam medidas de seguran\u00e7a razo\u00e1veis para prevenir acessos n\u00e3o autorizados. Seguimos protocolos razo\u00e1veis para proteger seus Dados Pessoais. A transmiss\u00e3o de informa\u00e7\u00e3o pela internet n\u00e3o \u00e9 completamente segura, e, apesar de fazermos o nosso melhor para proteger seus Dados Pessoais, n\u00e3o podemos garantir a seguran\u00e7a dos dados durante transmiss\u00e3o por nossos sites e aplicativos. Nossas medidas de seguran\u00e7a s\u00e3o continuamente monitoradas e revisadas de acordo com os avan\u00e7os tecnol\u00f3gicos e recursos organizacionais mais atuais.<\/p>\n\n\n\n<p><strong>5.3. Como armazenamos seus dados e registros<\/strong><\/p>\n\n\n\n<p>Os seus Dados Pessoais ser\u00e3o utilizados somente enquanto forem necess\u00e1rios para a finalidade pela qual foram coletados ou para cumprir qualquer obriga\u00e7\u00e3o legal aplic\u00e1vel. Posteriormente, seus Dados Pessoais ser\u00e3o eliminados pelo Grupo Ombrello. Voc\u00ea tamb\u00e9m poder\u00e1 solicitar o descarte, exceto se a manuten\u00e7\u00e3o do dado for expressamente autorizada por lei, para cumprimento de obriga\u00e7\u00e3o legal ou regulat\u00f3ria, respeitando os requisitos de tratamento de dados.<\/p>\n\n\n\n<p><strong>5.4. Manuten\u00e7\u00e3o do Hist\u00f3rico de Registros<\/strong><\/p>\n\n\n\n<p>Poderemos permanecer com o hist\u00f3rico de registro de seus Dados Pessoais por prazo superior em casos de auditoria, seguran\u00e7a, controle de fraudes, prote\u00e7\u00e3o ao cr\u00e9dito e preserva\u00e7\u00e3o de direitos, ou nas hip\u00f3teses em que a lei ou a norma regulat\u00f3ria assim estabelecer, inclusive as determinadas pela Associa\u00e7\u00e3o Brasileira de Normas T\u00e9cnicas (ABNT).<br>Os Dados coletados ser\u00e3o armazenados em nossos servidores localizados no Brasil, bem como em ambiente de uso de recursos ou servidores na nuvem (cloud computing).<\/p>\n\n\n\n<p><strong>5.5. Medidas que esperamos que voc\u00ea tome<\/strong><\/p>\n\n\n\n<p>Voc\u00ea tem papel fundamental para manter os seus Dados Pessoais seguros. Quando criar uma conta on-line em nossas plataformas certifique-se de escolher uma senha segura. O compartilhamento de senhas e dados de acesso viola esta Pol\u00edtica e pode comprometer a seguran\u00e7a dos seus Dados Pessoais.<br>Em caso de uso de computador compartilhado ou p\u00fablico \u00e9 fundamental que voc\u00ea nunca escolha a op\u00e7\u00e3o de lembrar seus dados de acesso e lembre-se sempre de sair da sua conta antes de encerrar o uso do computador.<\/p>\n\n\n\n<div style=\"height:20px\" aria-hidden=\"true\" class=\"wp-block-spacer\"><\/div>\n\n\n\n<h4 class=\"wp-block-heading\">6. QUAIS S\u00c3O OS SEUS DIREITOS E COMO EXERC\u00ca-LOS<\/h4>\n\n\n\n<p><strong>6.1. Seus Direitos<\/strong><\/p>\n\n\n\n<p>Voc\u00ea, enquanto titular de Dados Pessoais, poder\u00e1 solicitar ao nosso Encarregado de Dados Pessoais\/DPO acesso aos Dados Pessoais, saber da exist\u00eancia do tratamento de seus Dados Pessoais, revisar ou retificar seus Dados Pessoais, por meio dos nossos Canais de Atendimento.<br>Tamb\u00e9m \u00e9 poss\u00edvel solicitar, por meio dos nossos Canais de Atendimento, a anonimiza\u00e7\u00e3o, bloqueio ou elimina\u00e7\u00e3o de Dados Pessoais desnecess\u00e1rios e excessivos, obter informa\u00e7\u00f5es sobre as entidades com as quais compartilhamos os seus Dados Pessoais, solicitar a elimina\u00e7\u00e3o dos Dados Pessoais coletados e utilizados com base no seu consentimento, bem como quando a atividade de tratamento necessitar do seu consentimento, voc\u00ea poder\u00e1 revoga-lo a qualquer momento.<br>Caso voc\u00ea solicite a exclus\u00e3o de seus Dados Pessoais, mas ainda exista alguma finalidade vigente para o dado, pode ocorrer que os Dados Pessoais precisem ser mantidos por per\u00edodo superior ao pedido de exclus\u00e3o.<\/p>\n\n\n\n<div style=\"height:20px\" aria-hidden=\"true\" class=\"wp-block-spacer\"><\/div>\n\n\n\n<h4 class=\"wp-block-heading\">7. DISPOSI\u00c7\u00d5ES GERAIS<\/h4>\n\n\n\n<p><strong>7.1. Altera\u00e7\u00e3o do teor e atualiza\u00e7\u00e3o<\/strong><\/p>\n\n\n\n<p>Se n\u00f3s alterarmos a forma que tratamos seus Dados Pessoais iremos atualizar esta Pol\u00edtica, o que poder\u00e1 ocorrer a qualquer tempo, conforme a necessidade, finalidade ou conformidade com a lei. Assim, \u00e9 imprescind\u00edvel que voc\u00ea acesse esta Pol\u00edtica frequentemente para verificar quaisquer atualiza\u00e7\u00f5es ou mudan\u00e7as.<\/p>\n\n\n\n<p><strong>7.2. Comunica\u00e7\u00e3o Eletr\u00f4nica<\/strong><\/p>\n\n\n\n<p>A comunica\u00e7\u00e3o realizada por e-mail por meio dos endere\u00e7os informados no seu cadastro, aplicativos de comunica\u00e7\u00e3o instant\u00e2nea, SMS, ou qualquer outra forma digital, tamb\u00e9m \u00e9 v\u00e1lida, eficaz e suficiente para a divulga\u00e7\u00e3o de qualquer assunto que se refira aos servi\u00e7os que prestamos, bem como \u00e0s condi\u00e7\u00f5es de sua presta\u00e7\u00e3o ou a qualquer outro assunto nele abordado, sendo exce\u00e7\u00e3o apenas o que essa Pol\u00edtica prever como tal.<\/p>\n\n\n\n<p><strong>7.3. Canais de Atendimento<\/strong><\/p>\n\n\n\n<p>Para fazer perguntas ou coment\u00e1rios sobre esta Pol\u00edtica de Privacidade ou reclama\u00e7\u00f5es, por favor, entre em contato conosco por meio dos canais de atendimento a seguir:<\/p>\n\n\n\n<ul class=\"wp-block-list\"><li> Servi\u00e7o de Atendimento ao Consumidor;<\/li><li>E-mail do Encarregado da Prote\u00e7\u00e3o de Dados Pessoais\/DPO: dpo@grupoombrello.com<\/li><\/ul>\n\n\n\n<p><strong>7.4. Lei aplic\u00e1vel e foro<\/strong><\/p>\n\n\n\n<p>Esta Pol\u00edtica de Privacidade ser\u00e1 interpretada segundo a legisla\u00e7\u00e3o brasileira, em especial a Lei n\u00ba 13.709\/18 &#8211; Lei Geral de Prote\u00e7\u00e3o de Dados Pessoais, no idioma portugu\u00eas, sendo eleito o foro da Capital do Estado do Rio de Janeiro para dirimir quaisquer controv\u00e9rsias que envolvam este documento, salvo ressalva espec\u00edfica de compet\u00eancia pessoal, territorial ou funcional pela legisla\u00e7\u00e3o aplic\u00e1vel.<\/p>\n","protected":false},"excerpt":{"rendered":"<p>1. OBJETIVO Esta Pol\u00edtica tem por objetivo demonstrar o compromisso do Grupo Ombrello com a Privacidade de Dados, e estabelecer como os Dados Pessoais de nossos clientes ser\u00e3o tratados pelas empresas do Grupo. 2. O QUE VOC\u00ca PRECISA SABER SOBRE DADOS PESSOAIS Dados Pessoais s\u00e3o todas as informa\u00e7\u00f5es que permitem a sua identifica\u00e7\u00e3o. Como por [&hellip;]<\/p>\n","protected":false},"author":1,"featured_media":0,"parent":0,"menu_order":0,"comment_status":"closed","ping_status":"closed","template":"","meta":{"_acf_changed":false,"footnotes":""},"class_list":["post-842","page","type-page","status-publish","hentry"],"acf":[],"_links":{"self":[{"href":"https:\/\/ombrello.com.br\/administrador\/wp-json\/wp\/v2\/pages\/842","targetHints":{"allow":["GET"]}}],"collection":[{"href":"https:\/\/ombrello.com.br\/administrador\/wp-json\/wp\/v2\/pages"}],"about":[{"href":"https:\/\/ombrello.com.br\/administrador\/wp-json\/wp\/v2\/types\/page"}],"author":[{"embeddable":true,"href":"https:\/\/ombrello.com.br\/administrador\/wp-json\/wp\/v2\/users\/1"}],"replies":[{"embeddable":true,"href":"https:\/\/ombrello.com.br\/administrador\/wp-json\/wp\/v2\/comments?post=842"}],"version-history":[{"count":14,"href":"https:\/\/ombrello.com.br\/administrador\/wp-json\/wp\/v2\/pages\/842\/revisions"}],"predecessor-version":[{"id":863,"href":"https:\/\/ombrello.com.br\/administrador\/wp-json\/wp\/v2\/pages\/842\/revisions\/863"}],"wp:attachment":[{"href":"https:\/\/ombrello.com.br\/administrador\/wp-json\/wp\/v2\/media?parent=842"}],"curies":[{"name":"wp","href":"https:\/\/api.w.org\/{rel}","templated":true}]}}