{"id":821,"date":"2022-09-28T22:51:24","date_gmt":"2022-09-29T01:51:24","guid":{"rendered":"https:\/\/ombrello.com.br\/administrador\/?page_id=821"},"modified":"2022-09-28T23:13:43","modified_gmt":"2022-09-29T02:13:43","slug":"valores","status":"publish","type":"page","link":"https:\/\/ombrello.com.br\/administrador\/valores\/","title":{"rendered":"Valores"},"content":{"rendered":"\n<h3 class=\"wp-block-heading\">Acreditamos<\/h3>\n\n\n\n<ul class=\"wp-block-list\"><li>Sempre <strong>valorizar e promover<\/strong> o que nos cerca.<\/li><li>Que o crescimento da <strong>empresa<\/strong> acontece conjuntamente com o crescimento da <strong>comunidade<\/strong> no qual estamos inseridos.<\/li><li>Nosso cliente se sente em <strong>casa<\/strong> quando antecipamos seus <strong>sonhos<\/strong> e nos dispomos a realiz\u00e1-los.<\/li><li>Acolhemos projetos que possam ser convertidos em <strong>verdadeiros legados para a cidade.<\/strong><\/li><li>Constru\u00edmos nosso resultado gerando valor em rela\u00e7\u00f5es e neg\u00f3cios <strong>transparentes, justos e \u00e9ticos.<\/strong><\/li><li>Que nossa <strong>prosperidade<\/strong> deve sempre promover tamb\u00e9m a prosperidade alheia.<\/li><\/ul>\n\n\n\n<div style=\"height:51px\" aria-hidden=\"true\" class=\"wp-block-spacer\"><\/div>\n\n\n\n<h2 class=\"has-text-align-center wp-block-heading\">Princ\u00edpios<\/h2>\n\n\n\n<h4 class=\"wp-block-heading\">Postura<\/h4>\n\n\n\n<p>Assumir o papel de <strong>protagonista<\/strong>, valorizando o <em><strong>landbank<\/strong><\/em> e a gera\u00e7\u00e3o de neg\u00f3cios sustent\u00e1veis. <strong>Agimos com \u00e9tica, transpar\u00eancia e efetividade de forma sensata, justa e solid\u00e1ria.<\/strong><\/p>\n\n\n\n<p><\/p>\n\n\n\n<h4 class=\"wp-block-heading\">Relacionamentos<\/h4>\n\n\n\n<p>Propiciar uma <strong>experi\u00eancia encantadora <\/strong>para todos os nossos clientes, acionistas, colaboradores e  parceiros. <strong>Cordialidade e respeito<\/strong> s\u00e3o nossos aliados para a gera\u00e7\u00e3o de neg\u00f3cios.<\/p>\n\n\n\n<p><\/p>\n\n\n\n<h4 class=\"wp-block-heading\">Neg\u00f3cios<\/h4>\n\n\n\n<p>Conquistar <strong>posi\u00e7\u00e3o de destaque<\/strong> por meio de <em><strong>landbank <\/strong><\/em>\u00fanico no mercado, tornando poss\u00edvel escolher os melhores neg\u00f3cios para a empresa.<\/p>\n\n\n\n<p><\/p>\n\n\n\n<h4 class=\"wp-block-heading\">Responsabilidades<\/h4>\n\n\n\n<p>Promovemos <strong>neg\u00f3cios sustent\u00e1veis<\/strong> e agregamos valor ao que nos cerca. Transformar a cidade em um melhor lugar para se viver por meio de projetos e empreendimentos imobili\u00e1rios.<\/p>\n\n\n\n<p><\/p>\n","protected":false},"excerpt":{"rendered":"<p>Acreditamos Sempre valorizar e promover o que nos cerca. Que o crescimento da empresa acontece conjuntamente com o crescimento da comunidade no qual estamos inseridos. Nosso cliente se sente em casa quando antecipamos seus sonhos e nos dispomos a realiz\u00e1-los. Acolhemos projetos que possam ser convertidos em verdadeiros legados para a cidade. Constru\u00edmos nosso resultado [&hellip;]<\/p>\n","protected":false},"author":1,"featured_media":0,"parent":0,"menu_order":0,"comment_status":"closed","ping_status":"closed","template":"","meta":{"_acf_changed":false,"footnotes":""},"class_list":["post-821","page","type-page","status-publish","hentry"],"acf":[],"_links":{"self":[{"href":"https:\/\/ombrello.com.br\/administrador\/wp-json\/wp\/v2\/pages\/821","targetHints":{"allow":["GET"]}}],"collection":[{"href":"https:\/\/ombrello.com.br\/administrador\/wp-json\/wp\/v2\/pages"}],"about":[{"href":"https:\/\/ombrello.com.br\/administrador\/wp-json\/wp\/v2\/types\/page"}],"author":[{"embeddable":true,"href":"https:\/\/ombrello.com.br\/administrador\/wp-json\/wp\/v2\/users\/1"}],"replies":[{"embeddable":true,"href":"https:\/\/ombrello.com.br\/administrador\/wp-json\/wp\/v2\/comments?post=821"}],"version-history":[{"count":13,"href":"https:\/\/ombrello.com.br\/administrador\/wp-json\/wp\/v2\/pages\/821\/revisions"}],"predecessor-version":[{"id":839,"href":"https:\/\/ombrello.com.br\/administrador\/wp-json\/wp\/v2\/pages\/821\/revisions\/839"}],"wp:attachment":[{"href":"https:\/\/ombrello.com.br\/administrador\/wp-json\/wp\/v2\/media?parent=821"}],"curies":[{"name":"wp","href":"https:\/\/api.w.org\/{rel}","templated":true}]}}